{"id":68,"date":"2024-02-14T10:38:16","date_gmt":"2024-02-14T09:38:16","guid":{"rendered":"https:\/\/www.mountainash.se\/?page_id=68"},"modified":"2024-02-16T08:23:39","modified_gmt":"2024-02-16T07:23:39","slug":"startsida_ma_2","status":"publish","type":"page","link":"https:\/\/www.pallen.se\/","title":{"rendered":"Startsida"},"content":{"rendered":"\n<p><\/p>\n\n\n\n<div class=\"wp-block-group has-global-padding is-layout-constrained wp-block-group-is-layout-constrained\">\n<div style=\"height:57px\" aria-hidden=\"true\" class=\"wp-block-spacer\"><\/div>\n\n\n\n<h2 class=\"wp-block-heading has-text-align-center has-medium-font-size\" style=\"letter-spacing:1px\">VI HAR M\u00c5NGA OLIKA PRODUKTER OCH ALLA HAR EN GEMENSAM N\u00c4MNARE \u2013 TR\u00c4<\/h2>\n\n\n\n<p class=\"has-text-align-center\"><\/p>\n\n\n\n<div style=\"height:57px\" aria-hidden=\"true\" class=\"wp-block-spacer\"><\/div>\n<\/div>\n\n\n\n<div class=\"wp-block-group alignfull pattern_multiple_covers has-background has-global-padding is-layout-constrained wp-block-group-is-layout-constrained\" id=\"Om-oss\" style=\"background-color:#f8f8f8\">\n<div style=\"height:84px\" aria-hidden=\"true\" class=\"wp-block-spacer\"><\/div>\n\n\n\n<h2 class=\"wp-block-heading has-text-align-left\">Vi kan hj\u00e4lpa er<\/h2>\n\n\n\n<p>Mountain Ash k\u00f6per och s\u00e4ljer s\u00e5gade och hyvlade tr\u00e4varor fr\u00e5n s\u00e5gverk i Sverige. Vi erbjuder s\u00e5gade och f\u00f6r\u00e4dlade produkter i standard och specialdimensioner fr\u00e5n s\u00e5gverk .<\/p>\n\n\n\n<p>Vi jobbar f\u00f6r n\u00e4ra och utvecklande relationer med b\u00e5de kunder och leverant\u00f6rer d\u00e4r f\u00f6rst\u00e5else, kompetens och kvalitet \u00e4r n\u00e5gra av grunderna som leder till \u00f6kad l\u00f6nsamhet och tillv\u00e4xt f\u00f6r alla parter.<\/p>\n\n\n\n<p>V\u00e5r h\u00f6ga ambition st\u00e4ller krav p\u00e5 oss sj\u00e4lva f\u00f6r att vi skall kunna erbjuda rationella, s\u00e4kra och kostnadseffektiva l\u00f6sningar som ger kvalitet, service, kunskap och l\u00f6nsamhet f\u00f6r b\u00e5de kunder och leverant\u00f6rer.<\/p>\n\n\n\n<p class=\"has-text-align-center\"><strong>Effektiviteten g\u00e5r aldrig \u00f6ver det m\u00e4nskliga, tillm\u00f6tesg\u00e5ende och trevliga.<\/strong><\/p>\n\n\n\n<div style=\"height:46px\" aria-hidden=\"true\" class=\"wp-block-spacer\"><\/div>\n\n\n\n<div class=\"wp-block-columns is-layout-flex wp-container-core-columns-is-layout-1 wp-block-columns-is-layout-flex\">\n<div class=\"wp-block-column is-layout-flow wp-block-column-is-layout-flow\" style=\"padding-top:0;padding-right:0;padding-bottom:0;padding-left:0\">\n<div class=\"wp-block-cover is-light has-custom-content-position is-position-bottom-left\" style=\"padding-top:var(--wp--preset--spacing--small);padding-right:var(--wp--preset--spacing--x-small);padding-bottom:var(--wp--preset--spacing--small);padding-left:var(--wp--preset--spacing--x-small)\"><span aria-hidden=\"true\" class=\"wp-block-cover__background has-primary-background-color has-background-dim-0 has-background-dim\"><\/span><img loading=\"lazy\" decoding=\"async\" width=\"640\" height=\"480\" class=\"wp-block-cover__image-background wp-image-33\" alt=\"\" src=\"https:\/\/www.pallen.se\/wp-content\/uploads\/2024\/02\/Skagerstroms-75x100-mm.-014.jpg\" data-object-fit=\"cover\" srcset=\"https:\/\/www.pallen.se\/wp-content\/uploads\/2024\/02\/Skagerstroms-75x100-mm.-014.jpg 640w, https:\/\/www.pallen.se\/wp-content\/uploads\/2024\/02\/Skagerstroms-75x100-mm.-014-300x225.jpg 300w\" sizes=\"auto, (max-width: 640px) 100vw, 640px\" \/><div class=\"wp-block-cover__inner-container is-layout-flow wp-block-cover-is-layout-flow\">\n<h3 class=\"wp-block-heading has-white-color has-text-color has-medium-font-size\" style=\"margin-top:0;margin-right:0;margin-bottom:0;margin-left:0\">S\u00e5gade<br>Tr\u00e4varor<\/h3>\n<\/div><\/div>\n<\/div>\n\n\n\n<div class=\"wp-block-column is-layout-flow wp-block-column-is-layout-flow\" style=\"padding-top:0;padding-right:0;padding-bottom:0;padding-left:0\">\n<div class=\"wp-block-cover is-light has-custom-content-position is-position-bottom-left\" style=\"padding-top:var(--wp--preset--spacing--small);padding-right:var(--wp--preset--spacing--x-small);padding-bottom:var(--wp--preset--spacing--small);padding-left:var(--wp--preset--spacing--x-small)\"><span aria-hidden=\"true\" class=\"wp-block-cover__background has-primary-background-color has-background-dim-0 has-background-dim\"><\/span><img loading=\"lazy\" decoding=\"async\" width=\"2560\" height=\"1920\" class=\"wp-block-cover__image-background wp-image-34\" alt=\"\" src=\"https:\/\/www.pallen.se\/wp-content\/uploads\/2024\/02\/DSCN1450-scaled-1.jpg\" data-object-fit=\"cover\" srcset=\"https:\/\/www.pallen.se\/wp-content\/uploads\/2024\/02\/DSCN1450-scaled-1.jpg 2560w, https:\/\/www.pallen.se\/wp-content\/uploads\/2024\/02\/DSCN1450-scaled-1-300x225.jpg 300w, https:\/\/www.pallen.se\/wp-content\/uploads\/2024\/02\/DSCN1450-scaled-1-1024x768.jpg 1024w, https:\/\/www.pallen.se\/wp-content\/uploads\/2024\/02\/DSCN1450-scaled-1-2000x1500.jpg 2000w\" sizes=\"auto, (max-width: 2560px) 100vw, 2560px\" \/><div class=\"wp-block-cover__inner-container is-layout-flow wp-block-cover-is-layout-flow\">\n<h3 class=\"wp-block-heading has-white-color has-text-color has-medium-font-size\" style=\"margin-top:0;margin-right:0;margin-bottom:0;margin-left:0\">Hyvlade<\/h3>\n\n\n\n<h3 class=\"wp-block-heading has-white-color has-text-color has-medium-font-size\" style=\"margin-top:0;margin-right:0;margin-bottom:0;margin-left:0\">Tr\u00e4varor<\/h3>\n<\/div><\/div>\n<\/div>\n\n\n\n<div class=\"wp-block-column is-layout-flow wp-block-column-is-layout-flow\" style=\"padding-top:0;padding-right:0;padding-bottom:0;padding-left:0\">\n<div class=\"wp-block-cover is-light has-custom-content-position is-position-bottom-left\" style=\"padding-top:var(--wp--preset--spacing--small);padding-right:var(--wp--preset--spacing--x-small);padding-bottom:var(--wp--preset--spacing--small);padding-left:var(--wp--preset--spacing--x-small)\"><span aria-hidden=\"true\" class=\"wp-block-cover__background has-primary-background-color has-background-dim-0 has-background-dim\"><\/span><img loading=\"lazy\" decoding=\"async\" width=\"2560\" height=\"1700\" class=\"wp-block-cover__image-background wp-image-57\" alt=\"\" src=\"https:\/\/www.pallen.se\/wp-content\/uploads\/2024\/02\/DSC_0018-scaled-1.jpg\" data-object-fit=\"cover\" srcset=\"https:\/\/www.pallen.se\/wp-content\/uploads\/2024\/02\/DSC_0018-scaled-1.jpg 2560w, https:\/\/www.pallen.se\/wp-content\/uploads\/2024\/02\/DSC_0018-scaled-1-300x199.jpg 300w, https:\/\/www.pallen.se\/wp-content\/uploads\/2024\/02\/DSC_0018-scaled-1-1024x680.jpg 1024w, https:\/\/www.pallen.se\/wp-content\/uploads\/2024\/02\/DSC_0018-scaled-1-2000x1328.jpg 2000w\" sizes=\"auto, (max-width: 2560px) 100vw, 2560px\" \/><div class=\"wp-block-cover__inner-container is-layout-flow wp-block-cover-is-layout-flow\">\n<h3 class=\"wp-block-heading has-white-color has-text-color has-medium-font-size\" style=\"margin-top:0;margin-right:0;margin-bottom:0;margin-left:0\">Svenska<br>Tr\u00e4varor<\/h3>\n<\/div><\/div>\n<\/div>\n<\/div>\n\n\n\n<div style=\"height:103px\" aria-hidden=\"true\" class=\"wp-block-spacer\"><\/div>\n<\/div>\n\n\n\n<div class=\"wp-block-group alignfull has-global-padding is-layout-constrained wp-block-group-is-layout-constrained\" id=\"Vi-kan-hj\u00e4lpa-er\">\n<div class=\"wp-block-group has-global-padding is-layout-constrained wp-block-group-is-layout-constrained\" style=\"padding-top:var(--wp--preset--spacing--small);padding-bottom:var(--wp--preset--spacing--small)\">\n<div style=\"height:30px\" aria-hidden=\"true\" class=\"wp-block-spacer\"><\/div>\n\n\n\n<div class=\"wp-block-columns is-layout-flex wp-container-core-columns-is-layout-2 wp-block-columns-is-layout-flex\">\n<div class=\"wp-block-column is-vertically-aligned-center is-layout-flow wp-block-column-is-layout-flow\">\n<h2 class=\"wp-block-heading has-medium-font-size\" style=\"text-transform:uppercase\">Produkter<\/h2>\n\n\n\n<p>Mountain Ash erbjuder s\u00e5gade och hyvlade produkter i standard och special dimensioner fr\u00e5n s\u00e5gverk i hela Sverige.<\/p>\n\n\n\n<p>Vi kan erbjuda produkter fr\u00e5n samtliga r\u00e5varudistrikt i Sverige och erbjuda en l\u00e4mplig produkt anpassat f\u00f6r produktionen som ger l\u00e5ngsiktig l\u00f6nsamhet.<\/p>\n\n\n\n<p>Produktutbudet inom varje produktgrupp g\u00e4llande standard- och kundanpassade dimensioner och kvalit\u00e9er kan vi erbjuda varor inom:<br><strong><br>\u2013 S\u00e5gade tr\u00e4varor&nbsp;<br>\u2013 Hyvlade tr\u00e4varor<br>\u2013 Fingerskarvat<br>\u2013 Exaktkapat<br>\u2013 Paneler<br>\u2013 Impregnerat<\/strong><\/p>\n<\/div>\n\n\n\n<div class=\"wp-block-column is-layout-flow wp-block-column-is-layout-flow\">\n<figure class=\"wp-block-image size-large\"><img decoding=\"async\" src=\"https:\/\/www.pallen.se\/wp-content\/uploads\/2024\/02\/DSCN1450_1-1024x768.png\" alt=\"\" class=\"wp-image-35\"\/><\/figure>\n<\/div>\n<\/div>\n\n\n\n<p><\/p>\n\n\n\n<div style=\"height:30px\" aria-hidden=\"true\" class=\"wp-block-spacer\"><\/div>\n<\/div>\n<\/div>\n\n\n\n<div class=\"wp-block-group alignfull has-background has-global-padding is-layout-constrained wp-block-group-is-layout-constrained\" id=\"Vi-kan-hj\u00e4lpa-er\" style=\"background-color:#f8f8f8\">\n<div class=\"wp-block-group has-global-padding is-layout-constrained wp-block-group-is-layout-constrained\" style=\"padding-top:var(--wp--preset--spacing--small);padding-bottom:var(--wp--preset--spacing--small)\">\n<div style=\"height:29px\" aria-hidden=\"true\" class=\"wp-block-spacer\"><\/div>\n\n\n\n<h2 class=\"wp-block-heading has-medium-font-size\" style=\"text-transform:uppercase\">Kontakta oss<\/h2>\n\n\n\n<div class=\"wp-block-columns is-layout-flex wp-container-core-columns-is-layout-3 wp-block-columns-is-layout-flex\">\n<div class=\"wp-block-column is-vertically-aligned-center is-layout-flow wp-block-column-is-layout-flow\">\n<figure class=\"wp-block-image size-full is-resized\"><img loading=\"lazy\" decoding=\"async\" width=\"308\" height=\"301\" src=\"https:\/\/www.pallen.se\/wp-content\/uploads\/2024\/02\/Andreas-1.jpeg\" alt=\"\" class=\"wp-image-102\" style=\"width:166px;height:auto\" srcset=\"https:\/\/www.pallen.se\/wp-content\/uploads\/2024\/02\/Andreas-1.jpeg 308w, https:\/\/www.pallen.se\/wp-content\/uploads\/2024\/02\/Andreas-1-300x293.jpeg 300w\" sizes=\"auto, (max-width: 308px) 100vw, 308px\" \/><\/figure>\n\n\n\n<p class=\"has-primary-color has-text-color has-link-color wp-elements-3c38ea328d74ce3e490a508c5a13b7e9\"><strong>Andreas R\u00f6nn<\/strong><br>Tel: +46 706 40 50 77<strong><br><\/strong>Email: <a href=\"mailto:andreas@mountainash.se\">andreas@mountainash.se<\/a><\/p>\n\n\n\n<figure class=\"wp-block-image size-full is-resized\"><img loading=\"lazy\" decoding=\"async\" width=\"602\" height=\"616\" src=\"https:\/\/www.pallen.se\/wp-content\/uploads\/2024\/02\/Mellvin-1.jpeg\" alt=\"\" class=\"wp-image-103\" style=\"width:169px;height:auto\" srcset=\"https:\/\/www.pallen.se\/wp-content\/uploads\/2024\/02\/Mellvin-1.jpeg 602w, https:\/\/www.pallen.se\/wp-content\/uploads\/2024\/02\/Mellvin-1-293x300.jpeg 293w\" sizes=\"auto, (max-width: 602px) 100vw, 602px\" \/><\/figure>\n\n\n\n<p class=\"has-primary-color has-text-color has-link-color wp-elements-86f9cc0fa4d5e1bbd5f91d83ec2f15a4\"><strong>Mellvin R\u00f6nn<\/strong><br>Tel: +46 706 58 98 53<br>Email: <a href=\"mailto:mellvin@mountainash.se\">mellvin@mountainash.se<\/a><\/p>\n<\/div>\n\n\n\n<div class=\"wp-block-column is-vertically-aligned-center is-layout-flow wp-block-column-is-layout-flow\">\n<figure class=\"wp-block-image alignwide size-full is-style-default\"><img decoding=\"async\" src=\"https:\/\/www.pallen.se\/wp-content\/uploads\/2024\/02\/office_4.jpg\" alt=\"\" class=\"wp-image-110\"\/><\/figure>\n<\/div>\n\n\n\n<div class=\"wp-block-column is-layout-flow wp-block-column-is-layout-flow\"><style id=\"wpforms-css-vars-root\">\n\t\t\t\t:root {\n\t\t\t\t\t--wpforms-field-border-radius: 3px;\n--wpforms-field-border-style: solid;\n--wpforms-field-border-size: 1px;\n--wpforms-field-background-color: #ffffff;\n--wpforms-field-border-color: rgba( 0, 0, 0, 0.25 );\n--wpforms-field-border-color-spare: rgba( 0, 0, 0, 0.25 );\n--wpforms-field-text-color: rgba( 0, 0, 0, 0.7 );\n--wpforms-field-menu-color: #ffffff;\n--wpforms-label-color: rgba( 0, 0, 0, 0.85 );\n--wpforms-label-sublabel-color: rgba( 0, 0, 0, 0.55 );\n--wpforms-label-error-color: #d63637;\n--wpforms-button-border-radius: 3px;\n--wpforms-button-border-style: none;\n--wpforms-button-border-size: 1px;\n--wpforms-button-background-color: #066aab;\n--wpforms-button-border-color: #066aab;\n--wpforms-button-text-color: #ffffff;\n--wpforms-page-break-color: #066aab;\n--wpforms-background-image: none;\n--wpforms-background-position: center center;\n--wpforms-background-repeat: no-repeat;\n--wpforms-background-size: cover;\n--wpforms-background-width: 100px;\n--wpforms-background-height: 100px;\n--wpforms-background-color: rgba( 0, 0, 0, 0 );\n--wpforms-background-url: none;\n--wpforms-container-padding: 0px;\n--wpforms-container-border-style: none;\n--wpforms-container-border-width: 1px;\n--wpforms-container-border-color: #000000;\n--wpforms-container-border-radius: 3px;\n--wpforms-field-size-input-height: 43px;\n--wpforms-field-size-input-spacing: 15px;\n--wpforms-field-size-font-size: 16px;\n--wpforms-field-size-line-height: 19px;\n--wpforms-field-size-padding-h: 14px;\n--wpforms-field-size-checkbox-size: 16px;\n--wpforms-field-size-sublabel-spacing: 5px;\n--wpforms-field-size-icon-size: 1;\n--wpforms-label-size-font-size: 16px;\n--wpforms-label-size-line-height: 19px;\n--wpforms-label-size-sublabel-font-size: 14px;\n--wpforms-label-size-sublabel-line-height: 17px;\n--wpforms-button-size-font-size: 17px;\n--wpforms-button-size-height: 41px;\n--wpforms-button-size-padding-h: 15px;\n--wpforms-button-size-margin-top: 10px;\n--wpforms-container-shadow-size-box-shadow: none;\n\n\t\t\t\t}\n\t\t\t<\/style><style id=\"wpforms-css-vars-70-block-2020d340-2880-4ba0-bcda-b6a0fc5358ef\">\n\t\t\t\t#wpforms-70.wpforms-block-2020d340-2880-4ba0-bcda-b6a0fc5358ef {\n\t\t\t\t\t--wpforms-field-border-color: #6C6C77;\n--wpforms-field-border-color-spare: #6C6C77;\n--wpforms-button-background-color: #101010;\n--wpforms-field-size-input-height: 31px;\n--wpforms-field-size-input-spacing: 10px;\n--wpforms-field-size-font-size: 14px;\n--wpforms-field-size-line-height: 17px;\n--wpforms-field-size-padding-h: 9px;\n--wpforms-field-size-checkbox-size: 14px;\n--wpforms-field-size-sublabel-spacing: 5px;\n--wpforms-field-size-icon-size: 0.75;\n--wpforms-label-size-font-size: 14px;\n--wpforms-label-size-line-height: 17px;\n--wpforms-label-size-sublabel-font-size: 13px;\n--wpforms-label-size-sublabel-line-height: 16px;\n\n\t\t\t\t}\n\t\t\t<\/style><\/div>\n<\/div>\n\n\n\n<div style=\"height:30px\" aria-hidden=\"true\" class=\"wp-block-spacer\"><\/div>\n<\/div>\n\n\n\n<div class=\"wp-block-cover alignfull has-parallax is-position-center-center\" style=\"border-radius:0px\"><span aria-hidden=\"true\" class=\"wp-block-cover__background has-black-background-color has-background-dim-40 has-background-dim\"><\/span><div role=\"img\" class=\"wp-block-cover__image-background wp-image-24 has-parallax\" style=\"background-position:50% 50%;background-image:url(https:\/\/www.mountainash.se\/wp-content\/themes\/inspiro\/assets\/images\/StockSnap_89BQZ89TLH.jpg)\"><\/div><div class=\"wp-block-cover__inner-container is-layout-flow wp-block-cover-is-layout-flow\">\n<div class=\"wp-block-group has-global-padding is-layout-constrained wp-block-group-is-layout-constrained\">\n<h3 class=\"wp-block-heading has-text-align-center has-text-color has-medium-font-size\" style=\"color:#fffffa;text-transform:uppercase\">Kontaka oss &#8211; Vi hj\u00e4lper er <\/h3>\n\n\n\n<p class=\"has-text-align-center has-white-color has-text-color\">Det kostar inget att j\u00e4mf\u00f6ra oss med era nuvarande leverant\u00f6rer.<\/p>\n\n\n\n<p><\/p>\n\n\n\n<div style=\"height:31px\" aria-hidden=\"true\" class=\"wp-block-spacer\"><\/div>\n\n\n\n<div class=\"wp-block-buttons is-horizontal is-content-justification-center is-layout-flex wp-container-core-buttons-is-layout-1 wp-block-buttons-is-layout-flex\">\n<div class=\"wp-block-button is-style-outline is-style-outline--1\"><a class=\"wp-block-button__link has-white-color has-text-color wp-element-button\" href=\"mailto:office@mountainash.se\" style=\"border-radius:0px\">Kontakta oss<\/a><\/div>\n<\/div>\n<\/div>\n<\/div><\/div>\n<\/div>\n","protected":false},"excerpt":{"rendered":"<p>VI HAR M\u00c5NGA OLIKA PRODUKTER OCH ALLA HAR EN GEMENSAM N\u00c4MNARE \u2013 TR\u00c4 Vi kan hj\u00e4lpa er Mountain Ash k\u00f6per och s\u00e4ljer s\u00e5gade och hyvlade tr\u00e4varor fr\u00e5n s\u00e5gverk i Sverige. Vi erbjuder s\u00e5gade och f\u00f6r\u00e4dlade produkter i standard och specialdimensioner fr\u00e5n s\u00e5gverk . Vi jobbar f\u00f6r n\u00e4ra och utvecklande relationer med b\u00e5de kunder och leverant\u00f6rer &hellip; <\/p>\n<p class=\"link-more\"><a href=\"https:\/\/www.pallen.se\/\" class=\"more-link\">L\u00e4s mer<span class=\"screen-reader-text\"> \u201dStartsida\u201d<\/span><\/a><\/p>\n","protected":false},"author":1,"featured_media":0,"parent":0,"menu_order":0,"comment_status":"closed","ping_status":"closed","template":"page-templates\/full-width-no-title.php","meta":{"om_disable_all_campaigns":false,"_monsterinsights_skip_tracking":false,"_monsterinsights_sitenote_active":false,"_monsterinsights_sitenote_note":"","_monsterinsights_sitenote_category":0,"_uf_show_specific_survey":0,"_uf_disable_surveys":false,"footnotes":""},"class_list":["post-68","page","type-page","status-publish","hentry"],"yoast_head":"<!-- This site is optimized with the Yoast SEO plugin v23.9 - https:\/\/yoast.com\/wordpress\/plugins\/seo\/ -->\n<title>Startsida - Mountain Ash AB<\/title>\n<meta name=\"robots\" content=\"index, follow, max-snippet:-1, max-image-preview:large, max-video-preview:-1\" \/>\n<link rel=\"canonical\" href=\"https:\/\/www.pallen.se\/\" \/>\n<meta property=\"og:locale\" content=\"sv_SE\" \/>\n<meta property=\"og:type\" content=\"article\" \/>\n<meta property=\"og:title\" content=\"Startsida - Mountain Ash AB\" \/>\n<meta property=\"og:description\" content=\"VI HAR M\u00c5NGA OLIKA PRODUKTER OCH ALLA HAR EN GEMENSAM N\u00c4MNARE \u2013 TR\u00c4 Vi kan hj\u00e4lpa er Mountain Ash k\u00f6per och s\u00e4ljer s\u00e5gade och hyvlade tr\u00e4varor fr\u00e5n s\u00e5gverk i Sverige. Vi erbjuder s\u00e5gade och f\u00f6r\u00e4dlade produkter i standard och specialdimensioner fr\u00e5n s\u00e5gverk . Vi jobbar f\u00f6r n\u00e4ra och utvecklande relationer med b\u00e5de kunder och leverant\u00f6rer &hellip; L\u00e4s mer \u201dStartsida\u201d\" \/>\n<meta property=\"og:url\" content=\"https:\/\/www.pallen.se\/\" \/>\n<meta property=\"og:site_name\" content=\"Mountain Ash AB\" \/>\n<meta property=\"article:modified_time\" content=\"2024-02-16T07:23:39+00:00\" \/>\n<meta property=\"og:image\" content=\"https:\/\/www.pallen.se\/wp-content\/uploads\/2024\/02\/Skagerstroms-75x100-mm.-014.jpg\" \/>\n<meta name=\"twitter:card\" content=\"summary_large_image\" \/>\n<meta name=\"twitter:label1\" content=\"Ber\u00e4knad l\u00e4stid\" \/>\n\t<meta name=\"twitter:data1\" content=\"3 minuter\" \/>\n<script type=\"application\/ld+json\" class=\"yoast-schema-graph\">{\"@context\":\"https:\/\/schema.org\",\"@graph\":[{\"@type\":\"WebPage\",\"@id\":\"https:\/\/www.pallen.se\/\",\"url\":\"https:\/\/www.pallen.se\/\",\"name\":\"Startsida - Mountain Ash AB\",\"isPartOf\":{\"@id\":\"https:\/\/www.pallen.se\/#website\"},\"primaryImageOfPage\":{\"@id\":\"https:\/\/www.pallen.se\/#primaryimage\"},\"image\":{\"@id\":\"https:\/\/www.pallen.se\/#primaryimage\"},\"thumbnailUrl\":\"https:\/\/www.pallen.se\/wp-content\/uploads\/2024\/02\/Skagerstroms-75x100-mm.-014.jpg\",\"datePublished\":\"2024-02-14T09:38:16+00:00\",\"dateModified\":\"2024-02-16T07:23:39+00:00\",\"breadcrumb\":{\"@id\":\"https:\/\/www.pallen.se\/#breadcrumb\"},\"inLanguage\":\"sv-SE\",\"potentialAction\":[{\"@type\":\"ReadAction\",\"target\":[\"https:\/\/www.pallen.se\/\"]}]},{\"@type\":\"ImageObject\",\"inLanguage\":\"sv-SE\",\"@id\":\"https:\/\/www.pallen.se\/#primaryimage\",\"url\":\"https:\/\/www.pallen.se\/wp-content\/uploads\/2024\/02\/Skagerstroms-75x100-mm.-014.jpg\",\"contentUrl\":\"https:\/\/www.pallen.se\/wp-content\/uploads\/2024\/02\/Skagerstroms-75x100-mm.-014.jpg\",\"width\":640,\"height\":480},{\"@type\":\"BreadcrumbList\",\"@id\":\"https:\/\/www.pallen.se\/#breadcrumb\",\"itemListElement\":[{\"@type\":\"ListItem\",\"position\":1,\"name\":\"Home\",\"item\":\"https:\/\/www.pallen.se\/\"},{\"@type\":\"ListItem\",\"position\":2,\"name\":\"Startsida\"}]},{\"@type\":\"WebSite\",\"@id\":\"https:\/\/www.pallen.se\/#website\",\"url\":\"https:\/\/www.pallen.se\/\",\"name\":\"Mountain Ash AB\",\"description\":\"\",\"publisher\":{\"@id\":\"https:\/\/www.pallen.se\/#organization\"},\"potentialAction\":[{\"@type\":\"SearchAction\",\"target\":{\"@type\":\"EntryPoint\",\"urlTemplate\":\"https:\/\/www.pallen.se\/?s={search_term_string}\"},\"query-input\":{\"@type\":\"PropertyValueSpecification\",\"valueRequired\":true,\"valueName\":\"search_term_string\"}}],\"inLanguage\":\"sv-SE\"},{\"@type\":\"Organization\",\"@id\":\"https:\/\/www.pallen.se\/#organization\",\"name\":\"Mountain Ash AB\",\"url\":\"https:\/\/www.pallen.se\/\",\"logo\":{\"@type\":\"ImageObject\",\"inLanguage\":\"sv-SE\",\"@id\":\"https:\/\/www.pallen.se\/#\/schema\/logo\/image\/\",\"url\":\"https:\/\/www.pallen.se\/wp-content\/uploads\/2024\/02\/Namnlos-3.png\",\"contentUrl\":\"https:\/\/www.pallen.se\/wp-content\/uploads\/2024\/02\/Namnlos-3.png\",\"width\":473,\"height\":149,\"caption\":\"Mountain Ash AB\"},\"image\":{\"@id\":\"https:\/\/www.pallen.se\/#\/schema\/logo\/image\/\"}}]}<\/script>\n<!-- \/ Yoast SEO plugin. -->","yoast_head_json":{"title":"Startsida - Mountain Ash AB","robots":{"index":"index","follow":"follow","max-snippet":"max-snippet:-1","max-image-preview":"max-image-preview:large","max-video-preview":"max-video-preview:-1"},"canonical":"https:\/\/www.pallen.se\/","og_locale":"sv_SE","og_type":"article","og_title":"Startsida - Mountain Ash AB","og_description":"VI HAR M\u00c5NGA OLIKA PRODUKTER OCH ALLA HAR EN GEMENSAM N\u00c4MNARE \u2013 TR\u00c4 Vi kan hj\u00e4lpa er Mountain Ash k\u00f6per och s\u00e4ljer s\u00e5gade och hyvlade tr\u00e4varor fr\u00e5n s\u00e5gverk i Sverige. Vi erbjuder s\u00e5gade och f\u00f6r\u00e4dlade produkter i standard och specialdimensioner fr\u00e5n s\u00e5gverk . Vi jobbar f\u00f6r n\u00e4ra och utvecklande relationer med b\u00e5de kunder och leverant\u00f6rer &hellip; L\u00e4s mer \u201dStartsida\u201d","og_url":"https:\/\/www.pallen.se\/","og_site_name":"Mountain Ash AB","article_modified_time":"2024-02-16T07:23:39+00:00","og_image":[{"url":"https:\/\/www.pallen.se\/wp-content\/uploads\/2024\/02\/Skagerstroms-75x100-mm.-014.jpg"}],"twitter_card":"summary_large_image","twitter_misc":{"Ber\u00e4knad l\u00e4stid":"3 minuter"},"schema":{"@context":"https:\/\/schema.org","@graph":[{"@type":"WebPage","@id":"https:\/\/www.pallen.se\/","url":"https:\/\/www.pallen.se\/","name":"Startsida - Mountain Ash AB","isPartOf":{"@id":"https:\/\/www.pallen.se\/#website"},"primaryImageOfPage":{"@id":"https:\/\/www.pallen.se\/#primaryimage"},"image":{"@id":"https:\/\/www.pallen.se\/#primaryimage"},"thumbnailUrl":"https:\/\/www.pallen.se\/wp-content\/uploads\/2024\/02\/Skagerstroms-75x100-mm.-014.jpg","datePublished":"2024-02-14T09:38:16+00:00","dateModified":"2024-02-16T07:23:39+00:00","breadcrumb":{"@id":"https:\/\/www.pallen.se\/#breadcrumb"},"inLanguage":"sv-SE","potentialAction":[{"@type":"ReadAction","target":["https:\/\/www.pallen.se\/"]}]},{"@type":"ImageObject","inLanguage":"sv-SE","@id":"https:\/\/www.pallen.se\/#primaryimage","url":"https:\/\/www.pallen.se\/wp-content\/uploads\/2024\/02\/Skagerstroms-75x100-mm.-014.jpg","contentUrl":"https:\/\/www.pallen.se\/wp-content\/uploads\/2024\/02\/Skagerstroms-75x100-mm.-014.jpg","width":640,"height":480},{"@type":"BreadcrumbList","@id":"https:\/\/www.pallen.se\/#breadcrumb","itemListElement":[{"@type":"ListItem","position":1,"name":"Home","item":"https:\/\/www.pallen.se\/"},{"@type":"ListItem","position":2,"name":"Startsida"}]},{"@type":"WebSite","@id":"https:\/\/www.pallen.se\/#website","url":"https:\/\/www.pallen.se\/","name":"Mountain Ash AB","description":"","publisher":{"@id":"https:\/\/www.pallen.se\/#organization"},"potentialAction":[{"@type":"SearchAction","target":{"@type":"EntryPoint","urlTemplate":"https:\/\/www.pallen.se\/?s={search_term_string}"},"query-input":{"@type":"PropertyValueSpecification","valueRequired":true,"valueName":"search_term_string"}}],"inLanguage":"sv-SE"},{"@type":"Organization","@id":"https:\/\/www.pallen.se\/#organization","name":"Mountain Ash AB","url":"https:\/\/www.pallen.se\/","logo":{"@type":"ImageObject","inLanguage":"sv-SE","@id":"https:\/\/www.pallen.se\/#\/schema\/logo\/image\/","url":"https:\/\/www.pallen.se\/wp-content\/uploads\/2024\/02\/Namnlos-3.png","contentUrl":"https:\/\/www.pallen.se\/wp-content\/uploads\/2024\/02\/Namnlos-3.png","width":473,"height":149,"caption":"Mountain Ash AB"},"image":{"@id":"https:\/\/www.pallen.se\/#\/schema\/logo\/image\/"}}]}},"_links":{"self":[{"href":"https:\/\/www.pallen.se\/index.php?rest_route=\/wp\/v2\/pages\/68","targetHints":{"allow":["GET"]}}],"collection":[{"href":"https:\/\/www.pallen.se\/index.php?rest_route=\/wp\/v2\/pages"}],"about":[{"href":"https:\/\/www.pallen.se\/index.php?rest_route=\/wp\/v2\/types\/page"}],"author":[{"embeddable":true,"href":"https:\/\/www.pallen.se\/index.php?rest_route=\/wp\/v2\/users\/1"}],"replies":[{"embeddable":true,"href":"https:\/\/www.pallen.se\/index.php?rest_route=%2Fwp%2Fv2%2Fcomments&post=68"}],"version-history":[{"count":2,"href":"https:\/\/www.pallen.se\/index.php?rest_route=\/wp\/v2\/pages\/68\/revisions"}],"predecessor-version":[{"id":459,"href":"https:\/\/www.pallen.se\/index.php?rest_route=\/wp\/v2\/pages\/68\/revisions\/459"}],"wp:attachment":[{"href":"https:\/\/www.pallen.se\/index.php?rest_route=%2Fwp%2Fv2%2Fmedia&parent=68"}],"curies":[{"name":"wp","href":"https:\/\/api.w.org\/{rel}","templated":true}]}}